{"id":66,"date":"2022-02-14T18:35:38","date_gmt":"2022-02-14T18:35:38","guid":{"rendered":"http:\/\/www.tarotdameiga.es\/?page_id=66"},"modified":"2024-01-03T20:56:36","modified_gmt":"2024-01-03T20:56:36","slug":"consultas","status":"publish","type":"page","link":"http:\/\/www.tarotdameiga.es\/?page_id=66","title":{"rendered":"Consultas"},"content":{"rendered":"<p>[et_pb_section fb_built=\u00bb1&#8243; admin_label=\u00bbHeader\u00bb _builder_version=\u00bb4.23.4&#8243; _module_preset=\u00bbdefault\u00bb background_color=\u00bbrgba(244,161,215,0.72)\u00bb use_background_color_gradient=\u00bbon\u00bb background_color_gradient_stops=\u00bbrgba(8,11,19,0) 0%|#080b13 100%\u00bb background_color_gradient_overlays_image=\u00bbon\u00bb background_color_gradient_start=\u00bbrgba(8,11,19,0)\u00bb background_color_gradient_end=\u00bb#080b13&#8243; background_position=\u00bbbottom_center\u00bb custom_padding=\u00bb6vw||6vw||false|false\u00bb hover_enabled=\u00bb0&#8243; locked=\u00bboff\u00bb global_colors_info=\u00bb{}\u00bb sticky_enabled=\u00bb0&#8243; background_enable_image=\u00bboff\u00bb][et_pb_row _builder_version=\u00bb4.16&#8243; _module_preset=\u00bbdefault\u00bb global_colors_info=\u00bb{}\u00bb][et_pb_column type=\u00bb4_4&#8243; _builder_version=\u00bb4.16&#8243; _module_preset=\u00bbdefault\u00bb global_colors_info=\u00bb{}\u00bb][et_pb_text _builder_version=\u00bb4.23.4&#8243; header_font=\u00bbYeseva One||||||||\u00bb header_text_color=\u00bb#ffffff\u00bb header_font_size=\u00bb64px\u00bb header_line_height=\u00bb1.3em\u00bb header_2_font=\u00bbKarla|700||on|||||\u00bb header_2_text_color=\u00bb#94624f\u00bb header_2_font_size=\u00bb46px\u00bb header_2_letter_spacing=\u00bb4px\u00bb header_2_line_height=\u00bb1.8em\u00bb text_orientation=\u00bbcenter\u00bb custom_margin=\u00bb||10px||false|false\u00bb hover_enabled=\u00bb0&#8243; header_font_size_tablet=\u00bb44px\u00bb header_font_size_phone=\u00bb20px\u00bb header_font_size_last_edited=\u00bbon|phone\u00bb locked=\u00bboff\u00bb global_colors_info=\u00bb{}\u00bb sticky_enabled=\u00bb0&#8243;]<\/p>\n<h2><img loading=\"lazy\" decoding=\"async\" src=\"http:\/\/www.tarotdameiga.es\/wp-content\/uploads\/2024\/01\/banner-300x150.png\" width=\"300\" height=\"150\" alt=\"\" class=\"wp-image-171 alignnone size-medium\" srcset=\"http:\/\/www.tarotdameiga.es\/wp-content\/uploads\/2024\/01\/banner-300x150.png 300w, http:\/\/www.tarotdameiga.es\/wp-content\/uploads\/2024\/01\/banner-1024x512.png 1024w, http:\/\/www.tarotdameiga.es\/wp-content\/uploads\/2024\/01\/banner-768x384.png 768w\" sizes=\"(max-width: 300px) 100vw, 300px\" \/><\/h2>\n<h2>Precios<\/h2>\n<h1>Reserva tu cita<\/h1>\n<p>[\/et_pb_text][\/et_pb_column][\/et_pb_row][\/et_pb_section][et_pb_section fb_built=\u00bb1&#8243; admin_label=\u00bbPricing\u00bb _builder_version=\u00bb4.16&#8243; _module_preset=\u00bbdefault\u00bb background_color=\u00bb#080b13&#8243; global_colors_info=\u00bb{}\u00bb][et_pb_row column_structure=\u00bb1_3,1_3,1_3&#8243; use_custom_gutter=\u00bbon\u00bb gutter_width=\u00bb2&#8243; make_equal=\u00bbon\u00bb _builder_version=\u00bb4.16&#8243; _module_preset=\u00bbdefault\u00bb locked=\u00bboff\u00bb global_colors_info=\u00bb{}\u00bb][et_pb_column type=\u00bb1_3&#8243; _builder_version=\u00bb4.16&#8243; _module_preset=\u00bbdefault\u00bb background_color=\u00bb#ffffff\u00bb custom_padding=\u00bb20px||10px||false|false\u00bb custom_padding_last_edited=\u00bboff|desktop\u00bb global_colors_info=\u00bb{}\u00bb][et_pb_image src=\u00bbhttp:\/\/www.tarotdameiga.es\/wp-content\/uploads\/2024\/01\/tar2.png\u00bb title_text=\u00bbtar2&#8243; align=\u00bbcenter\u00bb _builder_version=\u00bb4.23.4&#8243; _module_preset=\u00bbdefault\u00bb hover_enabled=\u00bb0&#8243; global_colors_info=\u00bb{}\u00bb sticky_enabled=\u00bb0&#8243;][\/et_pb_image][et_pb_pricing_tables header_background_color=\u00bbrgba(0,0,0,0)\u00bb show_bullet=\u00bboff\u00bb _builder_version=\u00bb4.16&#8243; _module_preset=\u00bbdefault\u00bb currency_frequency_text_color=\u00bb#94624f\u00bb price_text_color=\u00bb#94624f\u00bb body_text_color=\u00bb#000000&#8243; header_text_color=\u00bb#000000&#8243; header_font=\u00bbYeseva One||||||||\u00bb body_font=\u00bbKarla|700||on|||||\u00bb body_text_align=\u00bbcenter\u00bb body_letter_spacing=\u00bb1px\u00bb body_line_height=\u00bb1.2em\u00bb price_font=\u00bbYeseva One||||||||\u00bb currency_frequency_font=\u00bbYeseva One||||||||\u00bb custom_button=\u00bbon\u00bb button_text_size=\u00bb12px\u00bb button_text_color=\u00bb#94624f\u00bb button_bg_color=\u00bbrgba(0,0,0,0)\u00bb button_border_width=\u00bb1px\u00bb button_border_radius=\u00bb0px\u00bb button_font=\u00bbKarla|700||on|||||\u00bb button_custom_padding=\u00bb10px|50px|10px|50px|true|true\u00bb width=\u00bb100%\u00bb custom_css_pricing_top=\u00bbborder: none;\u00bb border_width_all=\u00bb0px\u00bb box_shadow_style_button=\u00bbpreset6&#8243; box_shadow_color_button=\u00bbrgba(148,98,79,0.3)\u00bb locked=\u00bboff\u00bb global_colors_info=\u00bb{}\u00bb][et_pb_pricing_table title=\u00bbLectura Tarot B\u00e1sica\u00bb currency=\u00bbEuros\u00bb sum=\u00bb10&#8243; button_url=\u00bbhttps:\/\/wa.me\/34670773714?text=\u00a1Estoy+interesado!\u00bb button_text=\u00bbRESERVO MI CITA\u00bb button_text_last_edited=\u00bboff|desktop\u00bb _builder_version=\u00bb4.16&#8243; _module_preset=\u00bbdefault\u00bb global_colors_info=\u00bb{}\u00bb button_text__hover_enabled=\u00bboff|desktop\u00bb sticky_transition=\u00bbon\u00bb]<\/p>\n<p>Consulta de quince minutos para que puedas preguntar aquello concreto que te preocupa y resuelvas tus dudas.<\/p>\n<p>[\/et_pb_pricing_table][\/et_pb_pricing_tables][\/et_pb_column][et_pb_column type=\u00bb1_3&#8243; _builder_version=\u00bb4.16&#8243; _module_preset=\u00bbdefault\u00bb background_color=\u00bb#94624f\u00bb custom_padding=\u00bb20px||10px||false|false\u00bb custom_padding_last_edited=\u00bboff|desktop\u00bb global_colors_info=\u00bb{}\u00bb][et_pb_image src=\u00bbhttp:\/\/www.tarotdameiga.es\/wp-content\/uploads\/2024\/01\/tarot.png\u00bb title_text=\u00bbtarot\u00bb align=\u00bbcenter\u00bb _builder_version=\u00bb4.23.4&#8243; _module_preset=\u00bbdefault\u00bb hover_enabled=\u00bb0&#8243; locked=\u00bboff\u00bb global_colors_info=\u00bb{}\u00bb sticky_enabled=\u00bb0&#8243;][\/et_pb_image][et_pb_pricing_tables header_background_color=\u00bbrgba(0,0,0,0)\u00bb show_bullet=\u00bboff\u00bb _builder_version=\u00bb4.16&#8243; _module_preset=\u00bbdefault\u00bb currency_frequency_text_color=\u00bb#ffffff\u00bb price_text_color=\u00bb#ffffff\u00bb body_text_color=\u00bb#ffffff\u00bb header_text_color=\u00bb#000000&#8243; header_font=\u00bbYeseva One||||||||\u00bb body_font=\u00bbKarla|700||on|||||\u00bb body_text_align=\u00bbcenter\u00bb body_letter_spacing=\u00bb1px\u00bb body_line_height=\u00bb1.2em\u00bb price_font=\u00bbYeseva One||||||||\u00bb currency_frequency_font=\u00bbYeseva One||||||||\u00bb custom_button=\u00bbon\u00bb button_text_size=\u00bb12px\u00bb button_text_color=\u00bb#ffffff\u00bb button_bg_color=\u00bbrgba(0,0,0,0)\u00bb button_border_width=\u00bb1px\u00bb button_border_radius=\u00bb0px\u00bb button_font=\u00bbKarla|700||on|||||\u00bb button_custom_padding=\u00bb10px|50px|10px|50px|true|true\u00bb width=\u00bb100%\u00bb custom_css_pricing_top=\u00bbborder: none;\u00bb border_width_all=\u00bb0px\u00bb box_shadow_style_button=\u00bbpreset6&#8243; box_shadow_color_button=\u00bbrgba(255,255,255,0.3)\u00bb locked=\u00bboff\u00bb global_colors_info=\u00bb{}\u00bb][et_pb_pricing_table title=\u00bbLectura de Tarot Premium\u00bb currency=\u00bbEuros\u00bb sum=\u00bb20&#8243; button_url=\u00bbhttps:\/\/wa.me\/34670773714?text=\u00a1Estoy+interesado!\u00bb button_text=\u00bbRESERVA TU CITA\u00bb _builder_version=\u00bb4.16&#8243; _module_preset=\u00bbdefault\u00bb background_color=\u00bbrgba(0,0,0,0)\u00bb background_enable_color=\u00bbon\u00bb global_colors_info=\u00bb{}\u00bb sticky_transition=\u00bbon\u00bb]<\/p>\n<p>Resuelve tus dudas con el Tarot en una consulta de media hora. Profundizaremos en cada duda para poder encontrar la respuesta y la soluci\u00f3n.<\/p>\n<p>[\/et_pb_pricing_table][\/et_pb_pricing_tables][\/et_pb_column][et_pb_column type=\u00bb1_3&#8243; _builder_version=\u00bb4.16&#8243; _module_preset=\u00bbdefault\u00bb background_color=\u00bb#b86dbf\u00bb custom_padding=\u00bb20px||10px||false|false\u00bb custom_padding_last_edited=\u00bboff|desktop\u00bb global_colors_info=\u00bb{}\u00bb][et_pb_image src=\u00bbhttp:\/\/www.tarotdameiga.es\/wp-content\/uploads\/2024\/01\/hechizo.png\u00bb title_text=\u00bbhechizo\u00bb align=\u00bbcenter\u00bb _builder_version=\u00bb4.23.4&#8243; _module_preset=\u00bbdefault\u00bb background_color=\u00bb#e7a3ed\u00bb hover_enabled=\u00bb0&#8243; global_colors_info=\u00bb{}\u00bb sticky_enabled=\u00bb0&#8243;][\/et_pb_image][et_pb_pricing_tables header_background_color=\u00bbrgba(0,0,0,0)\u00bb show_bullet=\u00bboff\u00bb _builder_version=\u00bb4.16&#8243; _module_preset=\u00bbdefault\u00bb currency_frequency_text_color=\u00bb#94624f\u00bb price_text_color=\u00bb#94624f\u00bb body_text_color=\u00bb#000000&#8243; header_text_color=\u00bb#000000&#8243; header_font=\u00bbYeseva One||||||||\u00bb body_font=\u00bbKarla|700||on|||||\u00bb body_text_align=\u00bbcenter\u00bb body_letter_spacing=\u00bb1px\u00bb body_line_height=\u00bb1.2em\u00bb price_font=\u00bbYeseva One||||||||\u00bb currency_frequency_font=\u00bbYeseva One||||||||\u00bb background_color=\u00bb#e7a3ed\u00bb custom_button=\u00bbon\u00bb button_text_size=\u00bb12px\u00bb button_text_color=\u00bb#94624f\u00bb button_bg_color=\u00bbrgba(0,0,0,0)\u00bb button_border_width=\u00bb1px\u00bb button_border_radius=\u00bb0px\u00bb button_font=\u00bbKarla|700||on|||||\u00bb button_custom_padding=\u00bb10px|50px|10px|50px|true|true\u00bb width=\u00bb100%\u00bb custom_css_pricing_top=\u00bbborder: none;\u00bb border_width_all=\u00bb0px\u00bb box_shadow_style_button=\u00bbpreset6&#8243; box_shadow_color_button=\u00bbrgba(148,98,79,0.3)\u00bb locked=\u00bboff\u00bb global_colors_info=\u00bb{}\u00bb][et_pb_pricing_table title=\u00bbRituales y Limpiezas\u00bb currency=\u00bb        Desde\u00bb sum=\u00bb50 \u00bb button_url=\u00bbhttps:\/\/wa.me\/34670773714?text=\u00a1Estoy+interesado!\u00bb button_text=\u00bbME PONGO EN CONTACTO\u00bb _builder_version=\u00bb4.16&#8243; _module_preset=\u00bbdefault\u00bb global_colors_info=\u00bb{}\u00bb sticky_transition=\u00bbon\u00bb]<\/p>\n<p>(Precio sujeto al ritual que sea necesario y susceptible de ser menor o mayor)<\/p>\n<p>Si necesitas la ayuda de la magia natural en tu vida, si te hace falta realizar una limpieza, abrir tus caminos, resolver una situaci\u00f3n concreta&#8230;<\/p>\n<p>[\/et_pb_pricing_table][\/et_pb_pricing_tables][\/et_pb_column][\/et_pb_row][\/et_pb_section][et_pb_section fb_built=\u00bb1&#8243; admin_label=\u00bbPricing\u00bb _builder_version=\u00bb4.16&#8243; _module_preset=\u00bbdefault\u00bb background_color=\u00bb#080b13&#8243; global_colors_info=\u00bb{}\u00bb][et_pb_row column_structure=\u00bb1_3,1_3,1_3&#8243; use_custom_gutter=\u00bbon\u00bb gutter_width=\u00bb2&#8243; make_equal=\u00bbon\u00bb _builder_version=\u00bb4.16&#8243; _module_preset=\u00bbdefault\u00bb locked=\u00bboff\u00bb global_colors_info=\u00bb{}\u00bb][et_pb_column type=\u00bb1_3&#8243; _builder_version=\u00bb4.16&#8243; _module_preset=\u00bbdefault\u00bb background_color=\u00bb#EDF000&#8243; custom_padding=\u00bb20px||10px||false|false\u00bb custom_padding_last_edited=\u00bboff|desktop\u00bb global_colors_info=\u00bb{}\u00bb][et_pb_image src=\u00bbhttp:\/\/www.tarotdameiga.es\/wp-content\/uploads\/2024\/01\/num.png\u00bb title_text=\u00bbnum\u00bb align=\u00bbcenter\u00bb _builder_version=\u00bb4.23.4&#8243; _module_preset=\u00bbdefault\u00bb hover_enabled=\u00bb0&#8243; global_colors_info=\u00bb{}\u00bb sticky_enabled=\u00bb0&#8243;][\/et_pb_image][et_pb_pricing_tables header_background_color=\u00bbrgba(0,0,0,0)\u00bb show_bullet=\u00bboff\u00bb _builder_version=\u00bb4.16&#8243; _module_preset=\u00bbdefault\u00bb currency_frequency_text_color=\u00bb#94624f\u00bb price_text_color=\u00bb#94624f\u00bb body_text_color=\u00bb#000000&#8243; header_text_color=\u00bb#000000&#8243; header_font=\u00bbYeseva One||||||||\u00bb body_font=\u00bbKarla|700||on|||||\u00bb body_text_align=\u00bbcenter\u00bb body_letter_spacing=\u00bb1px\u00bb body_line_height=\u00bb1.2em\u00bb price_font=\u00bbYeseva One||||||||\u00bb currency_frequency_font=\u00bbYeseva One||||||||\u00bb background_color=\u00bb#EDF000&#8243; custom_button=\u00bbon\u00bb button_text_size=\u00bb12px\u00bb button_text_color=\u00bb#94624f\u00bb button_bg_color=\u00bbrgba(0,0,0,0)\u00bb button_border_width=\u00bb1px\u00bb button_border_radius=\u00bb0px\u00bb button_font=\u00bbKarla|700||on|||||\u00bb button_custom_padding=\u00bb10px|50px|10px|50px|true|true\u00bb width=\u00bb100%\u00bb custom_css_pricing_top=\u00bbborder: none;\u00bb border_width_all=\u00bb0px\u00bb box_shadow_style_button=\u00bbpreset6&#8243; box_shadow_color_button=\u00bbrgba(148,98,79,0.3)\u00bb locked=\u00bboff\u00bb global_colors_info=\u00bb{}\u00bb][et_pb_pricing_table title=\u00bbEstudio Numerolog\u00eda V\u00e9dica\u00bb currency=\u00bbEuros\u00bb sum=\u00bb85&#8243; button_url=\u00bbhttps:\/\/wa.me\/34670773714?text=\u00a1Estoy+interesado!\u00bb button_text=\u00bbQUIERO MI ESTUDIO\u00bb button_text_last_edited=\u00bboff|desktop\u00bb _builder_version=\u00bb4.16&#8243; _module_preset=\u00bbdefault\u00bb global_colors_info=\u00bb{}\u00bb button_text__hover_enabled=\u00bboff|desktop\u00bb sticky_transition=\u00bbon\u00bb]<\/p>\n<p>Si deseas conocer qu\u00e9 has venido a desarrollar en esta vida, cu\u00e1les son tus virtudes, tus potenciasles&#8230; qu\u00e9 debes trabajar, por qu\u00e9 proceso vital tienes que transitar en esta encarnaci\u00f3n y cu\u00e1l es tu camino, hazlo de la mano de la numerolog\u00eda v\u00e9dica y tu estudio personalizado.<\/p>\n<p>[\/et_pb_pricing_table][\/et_pb_pricing_tables][\/et_pb_column][et_pb_column type=\u00bb1_3&#8243; _builder_version=\u00bb4.16&#8243; _module_preset=\u00bbdefault\u00bb background_color=\u00bb#7CDA24&#8243; custom_padding=\u00bb20px||10px||false|false\u00bb custom_padding_last_edited=\u00bboff|desktop\u00bb global_colors_info=\u00bb{}\u00bb][et_pb_image src=\u00bbhttp:\/\/www.tarotdameiga.es\/wp-content\/uploads\/2024\/01\/energia2.png\u00bb title_text=\u00bbenergia2&#8243; align=\u00bbcenter\u00bb _builder_version=\u00bb4.23.4&#8243; _module_preset=\u00bbdefault\u00bb hover_enabled=\u00bb0&#8243; locked=\u00bboff\u00bb global_colors_info=\u00bb{}\u00bb sticky_enabled=\u00bb0&#8243;][\/et_pb_image][et_pb_pricing_tables header_background_color=\u00bbrgba(0,0,0,0)\u00bb show_bullet=\u00bboff\u00bb _builder_version=\u00bb4.16&#8243; _module_preset=\u00bbdefault\u00bb currency_frequency_text_color=\u00bb#ffffff\u00bb price_text_color=\u00bb#ffffff\u00bb body_text_color=\u00bb#ffffff\u00bb header_text_color=\u00bb#000000&#8243; header_font=\u00bbYeseva One||||||||\u00bb body_font=\u00bbKarla|700||on|||||\u00bb body_text_align=\u00bbcenter\u00bb body_letter_spacing=\u00bb1px\u00bb body_line_height=\u00bb1.2em\u00bb price_font=\u00bbYeseva One||||||||\u00bb currency_frequency_font=\u00bbYeseva One||||||||\u00bb background_color=\u00bb#7CDA24&#8243; custom_button=\u00bbon\u00bb button_text_size=\u00bb12px\u00bb button_text_color=\u00bb#ffffff\u00bb button_bg_color=\u00bbrgba(0,0,0,0)\u00bb button_border_width=\u00bb1px\u00bb button_border_radius=\u00bb0px\u00bb button_font=\u00bbKarla|700||on|||||\u00bb button_custom_padding=\u00bb10px|50px|10px|50px|true|true\u00bb width=\u00bb100%\u00bb custom_css_pricing_top=\u00bbborder: none;\u00bb border_width_all=\u00bb0px\u00bb box_shadow_style_button=\u00bbpreset6&#8243; box_shadow_color_button=\u00bbrgba(255,255,255,0.3)\u00bb locked=\u00bboff\u00bb global_colors_info=\u00bb{}\u00bb][et_pb_pricing_table title=\u00bbTerapia energ\u00e9tica a distancia\u00bb currency=\u00bbEuros\u00bb sum=\u00bb15&#8243; button_url=\u00bbhttps:\/\/wa.me\/34670773714?text=\u00a1Estoy+interesado!\u00bb button_text=\u00bbLA QUIERO\u00bb _builder_version=\u00bb4.16&#8243; _module_preset=\u00bbdefault\u00bb background_color=\u00bbrgba(0,0,0,0)\u00bb background_enable_color=\u00bbon\u00bb global_colors_info=\u00bb{}\u00bb sticky_transition=\u00bbon\u00bb]<\/p>\n<p>Si necesitas trabajar tu energ\u00eda, sanar alg\u00fan bloqueo o quieres ayudar a otra persona que sabes que precisa Reiki, ponte en contacto para comenzar la terapia energ\u00e9tica<\/p>\n<p>[\/et_pb_pricing_table][\/et_pb_pricing_tables][\/et_pb_column][et_pb_column type=\u00bb1_3&#8243; _builder_version=\u00bb4.16&#8243; _module_preset=\u00bbdefault\u00bb background_color=\u00bb#6dede2&#8243; global_colors_info=\u00bb{}\u00bb][et_pb_text _builder_version=\u00bb4.23.4&#8243; _module_preset=\u00bbdefault\u00bb hover_enabled=\u00bb0&#8243; global_colors_info=\u00bb{}\u00bb sticky_enabled=\u00bb0&#8243;]<\/p>\n<p><img loading=\"lazy\" decoding=\"async\" src=\"http:\/\/www.tarotdameiga.es\/wp-content\/uploads\/2024\/01\/whatt-300x300.png\" width=\"300\" height=\"300\" alt=\"\" class=\"wp-image-180 alignnone size-medium\" srcset=\"http:\/\/www.tarotdameiga.es\/wp-content\/uploads\/2024\/01\/whatt-300x300.png 300w, http:\/\/www.tarotdameiga.es\/wp-content\/uploads\/2024\/01\/whatt-150x150.png 150w, http:\/\/www.tarotdameiga.es\/wp-content\/uploads\/2024\/01\/whatt.png 320w\" sizes=\"(max-width: 300px) 100vw, 300px\" \/><\/p>\n<h2 style=\"text-align: center;\"><\/h2>\n<h2 style=\"text-align: center;\">Puedes pagar con <strong>Bizum,\u00a0<\/strong><\/h2>\n<h2 style=\"text-align: center;\">con cualquier tipo de <strong>tarjeta<\/strong><\/h2>\n<h2 style=\"text-align: center;\">o por <strong>transferencia<\/strong>.<\/h2>\n<h2 style=\"text-align: center;\"><\/h2>\n<h2 style=\"text-align: center;\">Siempre lo que sea m\u00e1s c\u00f3modo<\/h2>\n<h2 style=\"text-align: center;\">y mejor para ti.<\/h2>\n<p>[\/et_pb_text][\/et_pb_column][\/et_pb_row][\/et_pb_section][et_pb_section fb_built=\u00bb1&#8243; admin_label=\u00bbFooter\u00bb _builder_version=\u00bb4.16&#8243; _module_preset=\u00bbdefault\u00bb background_color=\u00bb#080b13&#8243; use_background_color_gradient=\u00bbon\u00bb background_color_gradient_stops=\u00bb#080b13 0%|rgba(8,11,19,0.5) 100%\u00bb background_color_gradient_overlays_image=\u00bbon\u00bb background_color_gradient_start=\u00bb#080b13&#8243; background_color_gradient_end=\u00bbrgba(8,11,19,0.5)\u00bb background_image=\u00bbhttp:\/\/www.tarotdameiga.es\/wp-content\/uploads\/2022\/01\/tarot-56.jpg\u00bb background_position=\u00bbbottom_center\u00bb custom_padding=\u00bb6vw||6vw||true|false\u00bb locked=\u00bboff\u00bb global_colors_info=\u00bb{}\u00bb][et_pb_row column_structure=\u00bb1_3,1_3,1_3&#8243; use_custom_gutter=\u00bbon\u00bb gutter_width=\u00bb1&#8243; make_equal=\u00bbon\u00bb _builder_version=\u00bb4.16&#8243; _module_preset=\u00bbdefault\u00bb use_background_color_gradient=\u00bbon\u00bb background_color_gradient_stops=\u00bbrgba(8,11,19,0.55) 0%|rgba(8,11,19,0) 100%\u00bb background_color_gradient_overlays_image=\u00bbon\u00bb background_color_gradient_start=\u00bbrgba(8,11,19,0.55)\u00bb background_color_gradient_end=\u00bbrgba(8,11,19,0)\u00bb background_image=\u00bbhttp:\/\/www.tarotdameiga.es\/wp-content\/uploads\/2022\/01\/tarot-57.jpg\u00bb custom_padding=\u00bb0px||0px||true|false\u00bb border_width_all=\u00bb1px\u00bb border_color_all=\u00bbrgba(255,255,255,0.08)\u00bb global_colors_info=\u00bb{}\u00bb][et_pb_column type=\u00bb1_3&#8243; _builder_version=\u00bb4.16&#8243; _module_preset=\u00bbdefault\u00bb custom_padding=\u00bb64px|20px|64px|20px|true|true\u00bb border_color_all=\u00bbrgba(255,255,255,0.08)\u00bb border_width_right=\u00bb1px\u00bb global_colors_info=\u00bb{}\u00bb][et_pb_blurb title=\u00bbEmail\u00bb _builder_version=\u00bb4.16&#8243; _module_preset=\u00bbdefault\u00bb header_font=\u00bbKarla|700||on|||||\u00bb header_text_color=\u00bb#94624f\u00bb header_font_size=\u00bb12px\u00bb header_letter_spacing=\u00bb4px\u00bb header_line_height=\u00bb1.3em\u00bb body_font=\u00bbYeseva One||||||||\u00bb body_font_size=\u00bb20px\u00bb text_orientation=\u00bbcenter\u00bb background_layout=\u00bbdark\u00bb global_colors_info=\u00bb{}\u00bb]<\/p>\n<p>almasmeigas@gmail.com<\/p>\n<p>[\/et_pb_blurb][\/et_pb_column][et_pb_column type=\u00bb1_3&#8243; _builder_version=\u00bb4.16&#8243; _module_preset=\u00bbdefault\u00bb custom_padding=\u00bb64px|20px|64px|20px|true|true\u00bb border_color_all=\u00bbrgba(255,255,255,0.08)\u00bb border_width_right=\u00bb1px\u00bb global_colors_info=\u00bb{}\u00bb][et_pb_blurb title=\u00bbwhatsapp\u00bb _builder_version=\u00bb4.16&#8243; _module_preset=\u00bbdefault\u00bb header_font=\u00bbKarla|700||on|||||\u00bb header_text_color=\u00bb#94624f\u00bb header_font_size=\u00bb12px\u00bb header_letter_spacing=\u00bb4px\u00bb header_line_height=\u00bb1.3em\u00bb body_font=\u00bbYeseva One||||||||\u00bb body_font_size=\u00bb20px\u00bb text_orientation=\u00bbcenter\u00bb background_layout=\u00bbdark\u00bb locked=\u00bboff\u00bb global_colors_info=\u00bb{}\u00bb]<\/p>\n<p>(34)670 773 714<\/p>\n<p>[\/et_pb_blurb][\/et_pb_column][et_pb_column type=\u00bb1_3&#8243; _builder_version=\u00bb4.16&#8243; _module_preset=\u00bbdefault\u00bb custom_padding=\u00bb64px|20px|64px|20px|true|true\u00bb border_color_all=\u00bbrgba(255,255,255,0.08)\u00bb border_width_right=\u00bb1px\u00bb global_colors_info=\u00bb{}\u00bb][et_pb_blurb title=\u00bbSocial Media\u00bb _builder_version=\u00bb4.16&#8243; _module_preset=\u00bbdefault\u00bb header_font=\u00bbKarla|700||on|||||\u00bb header_text_color=\u00bb#94624f\u00bb header_font_size=\u00bb12px\u00bb header_letter_spacing=\u00bb4px\u00bb header_line_height=\u00bb1.3em\u00bb body_font=\u00bbYeseva One||||||||\u00bb body_text_color=\u00bb#d7e1f3&#8243; body_font_size=\u00bb20px\u00bb text_orientation=\u00bbcenter\u00bb locked=\u00bboff\u00bb global_colors_info=\u00bb{}\u00bb][\/et_pb_blurb][et_pb_social_media_follow _builder_version=\u00bb4.16&#8243; _module_preset=\u00bbdefault\u00bb text_orientation=\u00bbcenter\u00bb custom_margin_last_edited=\u00bboff|desktop\u00bb global_colors_info=\u00bb{}\u00bb][et_pb_social_media_follow_network social_network=\u00bbfacebook\u00bb url=\u00bbhttps:\/\/www.facebook.com\/almasmeigas\/\u00bb _builder_version=\u00bb4.16&#8243; _module_preset=\u00bbdefault\u00bb background_enable_color=\u00bboff\u00bb global_colors_info=\u00bb{}\u00bb follow_button=\u00bboff\u00bb url_new_window=\u00bbon\u00bb]facebook[\/et_pb_social_media_follow_network][et_pb_social_media_follow_network social_network=\u00bbinstagram\u00bb _builder_version=\u00bb4.16&#8243; _module_preset=\u00bbdefault\u00bb background_enable_color=\u00bboff\u00bb global_colors_info=\u00bb{}\u00bb follow_button=\u00bboff\u00bb url_new_window=\u00bbon\u00bb]instagram[\/et_pb_social_media_follow_network][et_pb_social_media_follow_network social_network=\u00bbyoutube\u00bb _builder_version=\u00bb4.16&#8243; _module_preset=\u00bbdefault\u00bb background_enable_color=\u00bboff\u00bb global_colors_info=\u00bb{}\u00bb follow_button=\u00bboff\u00bb url_new_window=\u00bbon\u00bb]youtube[\/et_pb_social_media_follow_network][\/et_pb_social_media_follow][\/et_pb_column][\/et_pb_row][\/et_pb_section]<\/p>\n","protected":false},"excerpt":{"rendered":"<p>Precios Reserva tu citaConsulta de quince minutos para que puedas preguntar aquello concreto que te preocupa y resuelvas tus dudas.Resuelve tus dudas con el Tarot en una consulta de media hora. Profundizaremos en cada duda para poder encontrar la respuesta y la soluci\u00f3n.(Precio sujeto al ritual que sea necesario y susceptible de ser menor o [&hellip;]<\/p>\n","protected":false},"author":1,"featured_media":0,"parent":0,"menu_order":0,"comment_status":"closed","ping_status":"closed","template":"","meta":{"_et_pb_use_builder":"on","_et_pb_old_content":"","_et_gb_content_width":"","_joinchat":[],"footnotes":""},"class_list":["post-66","page","type-page","status-publish","hentry"],"_links":{"self":[{"href":"http:\/\/www.tarotdameiga.es\/index.php?rest_route=\/wp\/v2\/pages\/66","targetHints":{"allow":["GET"]}}],"collection":[{"href":"http:\/\/www.tarotdameiga.es\/index.php?rest_route=\/wp\/v2\/pages"}],"about":[{"href":"http:\/\/www.tarotdameiga.es\/index.php?rest_route=\/wp\/v2\/types\/page"}],"author":[{"embeddable":true,"href":"http:\/\/www.tarotdameiga.es\/index.php?rest_route=\/wp\/v2\/users\/1"}],"replies":[{"embeddable":true,"href":"http:\/\/www.tarotdameiga.es\/index.php?rest_route=%2Fwp%2Fv2%2Fcomments&post=66"}],"version-history":[{"count":12,"href":"http:\/\/www.tarotdameiga.es\/index.php?rest_route=\/wp\/v2\/pages\/66\/revisions"}],"predecessor-version":[{"id":195,"href":"http:\/\/www.tarotdameiga.es\/index.php?rest_route=\/wp\/v2\/pages\/66\/revisions\/195"}],"wp:attachment":[{"href":"http:\/\/www.tarotdameiga.es\/index.php?rest_route=%2Fwp%2Fv2%2Fmedia&parent=66"}],"curies":[{"name":"wp","href":"https:\/\/api.w.org\/{rel}","templated":true}]}}